{"id":1121,"date":"2018-08-29T12:19:37","date_gmt":"2018-08-29T12:19:37","guid":{"rendered":"http:\/\/www.antilhuelontue.cl\/?page_id=1121"},"modified":"2024-06-03T16:32:35","modified_gmt":"2024-06-03T20:32:35","slug":"tecnico-en-administracion","status":"publish","type":"page","link":"https:\/\/www.antilhuelontue.cl\/?page_id=1121","title":{"rendered":"T\u00e9cnico en Administraci\u00f3n"},"content":{"rendered":"<div class=\"wp-block-image is-style-default\">\n<figure class=\"aligncenter size-medium\"><img loading=\"lazy\" decoding=\"async\" width=\"285\" height=\"300\" src=\"https:\/\/www.antilhuelontue.cl\/wp-content\/uploads\/2024\/06\/LogoTPTransparente-285x300.png\" alt=\"\" class=\"wp-image-8409\" srcset=\"https:\/\/www.antilhuelontue.cl\/wp-content\/uploads\/2024\/06\/LogoTPTransparente-285x300.png 285w, https:\/\/www.antilhuelontue.cl\/wp-content\/uploads\/2024\/06\/LogoTPTransparente-974x1024.png 974w, https:\/\/www.antilhuelontue.cl\/wp-content\/uploads\/2024\/06\/LogoTPTransparente-768x808.png 768w, https:\/\/www.antilhuelontue.cl\/wp-content\/uploads\/2024\/06\/LogoTPTransparente-1460x1536.png 1460w, https:\/\/www.antilhuelontue.cl\/wp-content\/uploads\/2024\/06\/LogoTPTransparente.png 1912w\" sizes=\"auto, (max-width: 285px) 100vw, 285px\" \/><\/figure>\n<\/div>\n\n<h4><strong>Menci\u00f3n en \u00bb Recursos Humanos\u00bb<\/strong><\/h4>\n<h4>Perfil Profesional<\/h4>\n<ul>\n<li>Manejar y Aplicar T\u00e9cnicas de administraci\u00f3n que garanticen procesos de trabajo eficientes.<\/li>\n<li>Aplicar t\u00e9cnicas Especificas que exigen los diversos procesos de comercializaci\u00f3n de bienes y servicios.<\/li>\n<li>Manejar normas tributarias, leyes sociales y laborales.<\/li>\n<li>Aplicar conocimientos b\u00e1sicos sobre organizacion de empresas.<\/li>\n<li>Planificar y manejar t\u00e9cnicas para la elaboraci\u00f3n de cronogramas.<\/li>\n<li>Manejar el uso de recursos e insumos.<\/li>\n<\/ul>\n<h4>Campo Ocupacional<\/h4>\n<ul>\n<li>Peque\u00f1as empresas<\/li>\n<li>\u00c1reas de Gesti\u00f3n<\/li>\n<li>Contabilidad<\/li>\n<li>Comercializaci\u00f3n<\/li>\n<li>Recursos Humanos<\/li>\n<li>Comunicaci\u00f3n Empresarial<\/li>\n<\/ul>\n<h4>Las funciones administrativas de los diferentes niveles<\/h4>\n<ul>\n<li>Direcci\u00f3n<\/li>\n<li>Control<\/li>\n<li>Planificaci\u00f3n<\/li>\n<li>Organizaci\u00f3n<\/li>\n<\/ul>\n<p>Encargado de Especialidad : Bel\u00e9n Iturriaga Salinas<\/p>\n<pre>\u00a1Si Quieres Organizaci\u00f3n, Administraci\u00f3n es tu elecci\u00f3n!<\/pre>","protected":false},"excerpt":{"rendered":"<p>Menci\u00f3n en \u00bb Recursos Humanos\u00bb Perfil Profesional Manejar y Aplicar T\u00e9cnicas de administraci\u00f3n que garanticen procesos de trabajo eficientes. Aplicar t\u00e9cnicas Especificas que exigen los diversos procesos de&hellip; <\/p>\n","protected":false},"author":1,"featured_media":0,"parent":0,"menu_order":0,"comment_status":"closed","ping_status":"closed","template":"","meta":{"footnotes":""},"class_list":["post-1121","page","type-page","status-publish","hentry"],"_links":{"self":[{"href":"https:\/\/www.antilhuelontue.cl\/index.php?rest_route=\/wp\/v2\/pages\/1121","targetHints":{"allow":["GET"]}}],"collection":[{"href":"https:\/\/www.antilhuelontue.cl\/index.php?rest_route=\/wp\/v2\/pages"}],"about":[{"href":"https:\/\/www.antilhuelontue.cl\/index.php?rest_route=\/wp\/v2\/types\/page"}],"author":[{"embeddable":true,"href":"https:\/\/www.antilhuelontue.cl\/index.php?rest_route=\/wp\/v2\/users\/1"}],"replies":[{"embeddable":true,"href":"https:\/\/www.antilhuelontue.cl\/index.php?rest_route=%2Fwp%2Fv2%2Fcomments&post=1121"}],"version-history":[{"count":8,"href":"https:\/\/www.antilhuelontue.cl\/index.php?rest_route=\/wp\/v2\/pages\/1121\/revisions"}],"predecessor-version":[{"id":8411,"href":"https:\/\/www.antilhuelontue.cl\/index.php?rest_route=\/wp\/v2\/pages\/1121\/revisions\/8411"}],"wp:attachment":[{"href":"https:\/\/www.antilhuelontue.cl\/index.php?rest_route=%2Fwp%2Fv2%2Fmedia&parent=1121"}],"curies":[{"name":"wp","href":"https:\/\/api.w.org\/{rel}","templated":true}]}}