{"id":1122,"date":"2018-08-29T12:19:37","date_gmt":"2018-08-29T12:19:37","guid":{"rendered":"http:\/\/www.antilhuelontue.cl\/?page_id=1122"},"modified":"2023-04-13T13:51:06","modified_gmt":"2023-04-13T17:51:06","slug":"humanista-cientifico-hc","status":"publish","type":"page","link":"https:\/\/www.antilhuelontue.cl\/?page_id=1122","title":{"rendered":"Humanista Cient\u00edfico (HC)"},"content":{"rendered":"<h4>Perfil Profesional<\/h4>\n<p>Los alumnos y alumnas egresados de la ense\u00f1anza Humanista Cient\u00edfico est\u00e1n capacitados para acceder a la ense\u00f1anza superior de manera exitosa. Ser\u00e1n capaces de resolver en forma creativa los problemas propios de la vida universitaria. Est\u00e1n dotados de s\u00f3lidos valores \u00e9ticos, sociales y culturales, por lo tanto, podr\u00e1n adquirir efectivamente conocimientos cient\u00edficos, humanistas, destrezas y habilidades para obtener un buen desarrollo durante la educaci\u00f3n superior y su vida personal y profesional.<\/p>\n<p>Ser\u00e1n capaces de:<\/p>\n<ul>\n<li>Abordar de manera exitosa cualquier proceso de selecci\u00f3n de educaci\u00f3n superior (PAES)<\/li>\n<li>Mantener un desarrollo aut\u00f3nomo en el proceso de aprendizaje.<\/li>\n<li>Construyen su proyecto de vida aplicando y proyectando sus aprendizajes a los distintos \u00e1mbitos, y conjugan sus decisiones individuales con los requerimientos del pa\u00eds de manera reflexiva, proactiva y responsable.<\/li>\n<li>Los estudiantes aplican integradamente las habilidades de pensamiento cr\u00edtico, creatividad y comunicaci\u00f3n<\/li>\n<li>Piensan cr\u00edtica y creativamente al desarrollar proyectos, al resolver problemas y al tomar decisiones informadas y razonadas<\/li>\n<li>Expandir y profundizar los conocimientos, habilidades y actitudes del siglo XXI<\/li>\n<\/ul>\n<table>\n<tbody>\n<tr>\n<td colspan=\"3\" width=\"589\"><strong>\u00c1REAS DE PROFUNDIZACI\u00d3N 3\u00b0 HUMANISTA CIENT\u00cdFICO<\/strong><\/td>\n<\/tr>\n<tr>\n<td width=\"196\">Comprensi\u00f3n hist\u00f3rica del presente<\/td>\n<td width=\"196\">Participaci\u00f3n y argumentaci\u00f3n en democracia<\/td>\n<td width=\"196\">L\u00edmites, derivadas e integrales<\/td>\n<\/tr>\n<tr>\n<td width=\"196\">Geograf\u00eda, territorio y desaf\u00edos socioambientales<\/td>\n<td width=\"196\">Biolog\u00eda celular y molecular<\/td>\n<td width=\"196\">Promoci\u00f3n de estilos de vida activos y saludables<\/td>\n<\/tr>\n<\/tbody>\n<\/table>\n<table>\n<tbody>\n<tr>\n<td colspan=\"3\" width=\"589\"><strong>\u00c1REAS DE PROFUNDIZACI\u00d3N 4\u00b0 HUMANISTA CIENT\u00cdFICO<\/strong><\/td>\n<\/tr>\n<tr>\n<td width=\"196\">Filosof\u00eda pol\u00edtica<\/td>\n<td width=\"196\">Lectura y escritura especializadas<\/td>\n<td width=\"196\">Geometr\u00eda 3D<\/td>\n<\/tr>\n<tr>\n<td width=\"196\">Econom\u00eda y sociedad<\/td>\n<td width=\"196\">Ciencias de la salud<\/td>\n<td width=\"196\">Interpretaci\u00f3n musical<\/td>\n<\/tr>\n<\/tbody>\n<\/table>\n","protected":false},"excerpt":{"rendered":"<p>Perfil Profesional Los alumnos y alumnas egresados de la ense\u00f1anza Humanista Cient\u00edfico est\u00e1n capacitados para acceder a la ense\u00f1anza superior de manera exitosa. Ser\u00e1n capaces de resolver en&hellip; <\/p>\n","protected":false},"author":1,"featured_media":0,"parent":0,"menu_order":0,"comment_status":"closed","ping_status":"closed","template":"","meta":{"footnotes":""},"class_list":["post-1122","page","type-page","status-publish","hentry"],"_links":{"self":[{"href":"https:\/\/www.antilhuelontue.cl\/index.php?rest_route=\/wp\/v2\/pages\/1122","targetHints":{"allow":["GET"]}}],"collection":[{"href":"https:\/\/www.antilhuelontue.cl\/index.php?rest_route=\/wp\/v2\/pages"}],"about":[{"href":"https:\/\/www.antilhuelontue.cl\/index.php?rest_route=\/wp\/v2\/types\/page"}],"author":[{"embeddable":true,"href":"https:\/\/www.antilhuelontue.cl\/index.php?rest_route=\/wp\/v2\/users\/1"}],"replies":[{"embeddable":true,"href":"https:\/\/www.antilhuelontue.cl\/index.php?rest_route=%2Fwp%2Fv2%2Fcomments&post=1122"}],"version-history":[{"count":5,"href":"https:\/\/www.antilhuelontue.cl\/index.php?rest_route=\/wp\/v2\/pages\/1122\/revisions"}],"predecessor-version":[{"id":6987,"href":"https:\/\/www.antilhuelontue.cl\/index.php?rest_route=\/wp\/v2\/pages\/1122\/revisions\/6987"}],"wp:attachment":[{"href":"https:\/\/www.antilhuelontue.cl\/index.php?rest_route=%2Fwp%2Fv2%2Fmedia&parent=1122"}],"curies":[{"name":"wp","href":"https:\/\/api.w.org\/{rel}","templated":true}]}}