{"id":2811,"date":"2019-08-07T20:14:02","date_gmt":"2019-08-07T20:14:02","guid":{"rendered":"http:\/\/www.antilhuelontue.cl\/?page_id=2811"},"modified":"2024-03-01T10:11:59","modified_gmt":"2024-03-01T13:11:59","slug":"unidad-tecnico-pedagogica","status":"publish","type":"page","link":"https:\/\/www.antilhuelontue.cl\/?page_id=2811","title":{"rendered":"Unidad T\u00e9cnico Pedag\u00f3gica"},"content":{"rendered":"\n<h3 class=\"wp-block-heading\"><\/h3>\n\n\n\n<div class=\"wp-block-columns are-vertically-aligned-center is-layout-flex wp-container-core-columns-is-layout-9d6595d7 wp-block-columns-is-layout-flex\">\n<div class=\"wp-block-column is-vertically-aligned-center is-layout-flow wp-block-column-is-layout-flow\" style=\"flex-basis:100%\"><\/div>\n<\/div>\n\n\n\n<p>Liderada por el Sr. Oscar Puebla D\u00edaz, Esta unidad esta encargada de los siguientes aspectos:<\/p>\n\n\n\n<ul class=\"wp-block-list\">\n<li>Conocer todos los documentos oficiales que rigen el funcionamiento del colegio Antilhue (Reglamentos, Planes  y programas de estudio).<\/li>\n<\/ul>\n\n\n\n<ul class=\"wp-block-list\">\n<li>Velar por el cumplimiento del modelo educativo y pedag\u00f3gico del colegio Antilhue, a trav\u00e9s del monitoreo permanente a la aplicaci\u00f3n de estrategias de ense\u00f1anza; procedimientos de evaluaci\u00f3n  y retroalimentaci\u00f3n de los profesores acorde al PEI.<\/li>\n<\/ul>\n\n\n\n<ul class=\"wp-block-list\">\n<li>Dise\u00f1ar y organizar el horario de clases del colegio, realizando acciones de modificaci\u00f3n y ajuste cuando sea necesario.<\/li>\n<\/ul>\n\n\n\n<ul class=\"wp-block-list\">\n<li>Revisar de forma critica y constructiva y aprobar las planificaciones de clases y procedimientos de evaluaci\u00f3n y calificaci\u00f3n de los profesores.<\/li>\n<\/ul>\n\n\n\n<ul class=\"wp-block-list\">\n<li>Velar por el cumplimiento de los planes y programas de estudios de los niveles educativos del colegio.<\/li>\n<\/ul>\n\n\n\n<ul class=\"wp-block-list\">\n<li>Velar por el cumplimiento integral del reglamento interno de evaluaci\u00f3n.<\/li>\n<\/ul>\n\n\n\n<ul class=\"wp-block-list\">\n<li>Velar por el correcto uso de los libros de clases, advirtiendo errores tanto en el ingreso oficial de calificaciones parciales y finales, en el registro de contenidos y \/o actividades de clases en el libro de clases.<\/li>\n<\/ul>\n\n\n\n<ul class=\"wp-block-list\">\n<li>Realizar estudios que permitan advertir el deterioro del rendimiento acad\u00e9mico y formativo de los estudiantes, buscando las causas y proponiendo alternativas de soluci\u00f3n.<\/li>\n<\/ul>\n\n\n\n<ul class=\"wp-block-list\">\n<li>Programar y aplicar la agenda anual de evaluaciones previas a la aplicaci\u00f3n de ex\u00e1menes Simce; PSU u de otro tipo, comunicando resultados a los profesores, proponiendo alternativas de mejoramiento en los niveles de logro.<\/li>\n<\/ul>\n","protected":false},"excerpt":{"rendered":"<p>Liderada por el Sr. Oscar Puebla D\u00edaz, Esta unidad esta encargada de los siguientes aspectos:<\/p>\n","protected":false},"author":1,"featured_media":0,"parent":0,"menu_order":0,"comment_status":"closed","ping_status":"closed","template":"","meta":{"footnotes":""},"class_list":["post-2811","page","type-page","status-publish","hentry"],"_links":{"self":[{"href":"https:\/\/www.antilhuelontue.cl\/index.php?rest_route=\/wp\/v2\/pages\/2811","targetHints":{"allow":["GET"]}}],"collection":[{"href":"https:\/\/www.antilhuelontue.cl\/index.php?rest_route=\/wp\/v2\/pages"}],"about":[{"href":"https:\/\/www.antilhuelontue.cl\/index.php?rest_route=\/wp\/v2\/types\/page"}],"author":[{"embeddable":true,"href":"https:\/\/www.antilhuelontue.cl\/index.php?rest_route=\/wp\/v2\/users\/1"}],"replies":[{"embeddable":true,"href":"https:\/\/www.antilhuelontue.cl\/index.php?rest_route=%2Fwp%2Fv2%2Fcomments&post=2811"}],"version-history":[{"count":17,"href":"https:\/\/www.antilhuelontue.cl\/index.php?rest_route=\/wp\/v2\/pages\/2811\/revisions"}],"predecessor-version":[{"id":8162,"href":"https:\/\/www.antilhuelontue.cl\/index.php?rest_route=\/wp\/v2\/pages\/2811\/revisions\/8162"}],"wp:attachment":[{"href":"https:\/\/www.antilhuelontue.cl\/index.php?rest_route=%2Fwp%2Fv2%2Fmedia&parent=2811"}],"curies":[{"name":"wp","href":"https:\/\/api.w.org\/{rel}","templated":true}]}}