{"id":5068,"date":"2021-08-03T16:11:11","date_gmt":"2021-08-03T20:11:11","guid":{"rendered":"http:\/\/www.antilhuelontue.cl\/?page_id=5068"},"modified":"2022-03-09T09:38:48","modified_gmt":"2022-03-09T12:38:48","slug":"recursos-office-365-para-docentes","status":"publish","type":"page","link":"https:\/\/www.antilhuelontue.cl\/?page_id=5068","title":{"rendered":"Recursos Office 365 para docentes"},"content":{"rendered":"\n<p> Explora el cat\u00e1logo completo de los cursos de formaci\u00f3n del Microsoft Educator Center. <\/p>\n\n\n\n<h2 class=\"has-text-align-center wp-block-heading\">Secci\u00f3n 1:  Nuevos usuarios &#8211; Como activar tu cuenta<\/h2>\n\n\n\n<figure class=\"wp-block-video\"><video height=\"1080\" style=\"aspect-ratio: 1920 \/ 1080;\" width=\"1920\" controls src=\"https:\/\/www.antilhuelontue.cl\/wp-content\/uploads\/2022\/03\/Tutorial-activacion-nuevos-usuarios.mp4\"><\/video><\/figure>\n\n\n\n<div style=\"height:100px\" aria-hidden=\"true\" class=\"wp-block-spacer\"><\/div>\n\n\n\n<h2 class=\"has-text-align-center wp-block-heading\">Secci\u00f3n 2: Primeros pasos en Office 365<\/h2>\n\n\n\n<figure class=\"wp-block-embed-youtube aligncenter wp-block-embed is-type-video is-provider-youtube wp-embed-aspect-4-3 wp-has-aspect-ratio\"><div class=\"wp-block-embed__wrapper\">\n<iframe loading=\"lazy\" title=\"Primeros Pasos en Office 365\" width=\"790\" height=\"593\" src=\"https:\/\/www.youtube.com\/embed\/fHCOF-d-zMw?feature=oembed\" frameborder=\"0\" allow=\"accelerometer; autoplay; clipboard-write; encrypted-media; gyroscope; picture-in-picture\" allowfullscreen><\/iframe>\n<\/div><figcaption> Descubre c\u00f3mo acceder a las herramientas online de Office 365, como Word, Excel o Teams, un sistema que facilita las comunicaciones entre docentes y tambi\u00e9n con estudiantes. <\/figcaption><\/figure>\n\n\n\n<hr class=\"wp-block-separator\"\/>\n\n\n\n<h2 class=\"has-text-align-center wp-block-heading\">Antes de mis clases<\/h2>\n\n\n\n<figure class=\"wp-block-embed-youtube wp-block-embed is-type-video is-provider-youtube wp-embed-aspect-4-3 wp-has-aspect-ratio\"><div class=\"wp-block-embed__wrapper\">\n<iframe loading=\"lazy\" title=\"Antes de mis Clases\" width=\"790\" height=\"593\" src=\"https:\/\/www.youtube.com\/embed\/O85ysBKp5zI?feature=oembed\" frameborder=\"0\" allow=\"accelerometer; autoplay; clipboard-write; encrypted-media; gyroscope; picture-in-picture\" allowfullscreen><\/iframe>\n<\/div><figcaption> Todo lo que se recomienda preparar antes de comenzar mis clases. Corresponde a la forma de organizar la informaci\u00f3n, los contenidos y los materiales de clases a trav\u00e9s de una clasificaci\u00f3n denominada \u201ccanales\u201d. <\/figcaption><\/figure>\n\n\n\n<hr class=\"wp-block-separator\"\/>\n\n\n\n<h2 class=\"has-text-align-center wp-block-heading\">Creando mis Cursos<\/h2>\n\n\n\n<figure class=\"wp-block-embed-youtube wp-block-embed is-type-video is-provider-youtube wp-embed-aspect-4-3 wp-has-aspect-ratio\"><div class=\"wp-block-embed__wrapper\">\n<iframe loading=\"lazy\" title=\"Creando mis cursos\" width=\"790\" height=\"593\" src=\"https:\/\/www.youtube.com\/embed\/y9ebx_EKVng?feature=oembed\" frameborder=\"0\" allow=\"accelerometer; autoplay; clipboard-write; encrypted-media; gyroscope; picture-in-picture\" allowfullscreen><\/iframe>\n<\/div><figcaption> En este m\u00f3dulo, aprender\u00e1s a crear tus cursos digitalmente en Microsoft Teams, donde cada curso estar\u00e1 dise\u00f1ado en lo que se conoce como \u201cequipos\u201d, donde se podr\u00e1 colaborar y compartir la informaci\u00f3n referente a todo lo requerido para ejecutar una clase de buena forma. <\/figcaption><\/figure>\n\n\n\n<hr class=\"wp-block-separator\"\/>\n\n\n\n<h2 class=\"has-text-align-center wp-block-heading\">Tareas y cuestionarios<\/h2>\n\n\n\n<figure class=\"wp-block-embed-youtube wp-block-embed is-type-video is-provider-youtube wp-embed-aspect-4-3 wp-has-aspect-ratio\"><div class=\"wp-block-embed__wrapper\">\n<iframe loading=\"lazy\" title=\"Tareas y Cuestionarios\" width=\"790\" height=\"593\" src=\"https:\/\/www.youtube.com\/embed\/Bj7cFHY5Lns?feature=oembed\" frameborder=\"0\" allow=\"accelerometer; autoplay; clipboard-write; encrypted-media; gyroscope; picture-in-picture\" allowfullscreen><\/iframe>\n<\/div><figcaption> Aqu\u00ed aprender\u00e1s a usar las funciones de creaci\u00f3n de tareas y cuestionarios, las cuales podr\u00e1s publicar a los estudiantes de forma digital. <\/figcaption><\/figure>\n\n\n\n<hr class=\"wp-block-separator\"\/>\n\n\n\n<h2 class=\"has-text-align-center wp-block-heading\">Durante mis clases<\/h2>\n\n\n\n<figure class=\"wp-block-embed-youtube wp-block-embed is-type-video is-provider-youtube wp-embed-aspect-4-3 wp-has-aspect-ratio\"><div class=\"wp-block-embed__wrapper\">\n<iframe loading=\"lazy\" title=\"Durante mi Clase\" width=\"790\" height=\"593\" src=\"https:\/\/www.youtube.com\/embed\/6wxW4P56z0M?feature=oembed\" frameborder=\"0\" allow=\"accelerometer; autoplay; clipboard-write; encrypted-media; gyroscope; picture-in-picture\" allowfullscreen><\/iframe>\n<\/div><figcaption> Como ejecutar una clase de forma sincr\u00f3nica y configurar la experiencia de la instancia de clases, tales como la videoconferencia, descargar la lista de asistentes entre muchas otras funciones \u00fatiles para una buena experiencia de clases. <\/figcaption><\/figure>\n","protected":false},"excerpt":{"rendered":"<p>Explora el cat\u00e1logo completo de los cursos de formaci\u00f3n del Microsoft Educator Center. Secci\u00f3n 1: Nuevos usuarios &#8211; Como activar tu cuenta Secci\u00f3n 2: Primeros pasos en Office&hellip; <\/p>\n","protected":false},"author":1,"featured_media":0,"parent":0,"menu_order":0,"comment_status":"closed","ping_status":"closed","template":"","meta":{"footnotes":""},"class_list":["post-5068","page","type-page","status-publish","hentry"],"_links":{"self":[{"href":"https:\/\/www.antilhuelontue.cl\/index.php?rest_route=\/wp\/v2\/pages\/5068","targetHints":{"allow":["GET"]}}],"collection":[{"href":"https:\/\/www.antilhuelontue.cl\/index.php?rest_route=\/wp\/v2\/pages"}],"about":[{"href":"https:\/\/www.antilhuelontue.cl\/index.php?rest_route=\/wp\/v2\/types\/page"}],"author":[{"embeddable":true,"href":"https:\/\/www.antilhuelontue.cl\/index.php?rest_route=\/wp\/v2\/users\/1"}],"replies":[{"embeddable":true,"href":"https:\/\/www.antilhuelontue.cl\/index.php?rest_route=%2Fwp%2Fv2%2Fcomments&post=5068"}],"version-history":[{"count":14,"href":"https:\/\/www.antilhuelontue.cl\/index.php?rest_route=\/wp\/v2\/pages\/5068\/revisions"}],"predecessor-version":[{"id":5487,"href":"https:\/\/www.antilhuelontue.cl\/index.php?rest_route=\/wp\/v2\/pages\/5068\/revisions\/5487"}],"wp:attachment":[{"href":"https:\/\/www.antilhuelontue.cl\/index.php?rest_route=%2Fwp%2Fv2%2Fmedia&parent=5068"}],"curies":[{"name":"wp","href":"https:\/\/api.w.org\/{rel}","templated":true}]}}