{"id":5828,"date":"2022-06-13T10:45:41","date_gmt":"2022-06-13T14:45:41","guid":{"rendered":"http:\/\/www.antilhuelontue.cl\/?page_id=5828"},"modified":"2023-06-08T16:44:46","modified_gmt":"2023-06-08T20:44:46","slug":"recursos-y-administracion","status":"publish","type":"page","link":"https:\/\/www.antilhuelontue.cl\/?page_id=5828","title":{"rendered":"Recursos y Administraci\u00f3n"},"content":{"rendered":"\n<p>A cargo de la Sra. Patricia Gajardo Pinto, La gesti\u00f3n considera implementar acciones para mantener un adecuado ambiente de trabajo para los funcionarios y la gesti\u00f3n en recursos materiales y financieros para entregar un lugar \u00f3ptimo en lo emocional y en el aprendizaje de los estudiantes.<\/p>\n\n\n\n<p>Nuestro Equipo<\/p>\n\n\n\n<figure class=\"wp-block-gallery has-nested-images columns-default is-cropped wp-block-gallery-1 is-layout-flex wp-block-gallery-is-layout-flex\">\n<figure class=\"wp-block-image size-large is-style-default\"><img loading=\"lazy\" decoding=\"async\" width=\"768\" height=\"1024\" data-id=\"5905\" src=\"https:\/\/www.antilhuelontue.cl\/wp-content\/uploads\/2022\/06\/IMG_0014-768x1024.jpg\" alt=\"\" class=\"wp-image-5905\" srcset=\"https:\/\/www.antilhuelontue.cl\/wp-content\/uploads\/2022\/06\/IMG_0014-768x1024.jpg 768w, https:\/\/www.antilhuelontue.cl\/wp-content\/uploads\/2022\/06\/IMG_0014-225x300.jpg 225w, https:\/\/www.antilhuelontue.cl\/wp-content\/uploads\/2022\/06\/IMG_0014-1152x1536.jpg 1152w, https:\/\/www.antilhuelontue.cl\/wp-content\/uploads\/2022\/06\/IMG_0014-1536x2048.jpg 1536w, https:\/\/www.antilhuelontue.cl\/wp-content\/uploads\/2022\/06\/IMG_0014-scaled.jpg 1920w\" sizes=\"auto, (max-width: 768px) 100vw, 768px\" \/><figcaption class=\"wp-element-caption\">Sra. Patricia Gajardo Encargada de Recursos y Administraci\u00f3n<\/figcaption><\/figure>\n\n\n\n<figure class=\"wp-block-image size-large is-style-default\"><img loading=\"lazy\" decoding=\"async\" width=\"768\" height=\"1024\" data-id=\"5904\" src=\"https:\/\/www.antilhuelontue.cl\/wp-content\/uploads\/2022\/06\/IMG_0011-768x1024.jpg\" alt=\"\" class=\"wp-image-5904\" srcset=\"https:\/\/www.antilhuelontue.cl\/wp-content\/uploads\/2022\/06\/IMG_0011-768x1024.jpg 768w, https:\/\/www.antilhuelontue.cl\/wp-content\/uploads\/2022\/06\/IMG_0011-225x300.jpg 225w, https:\/\/www.antilhuelontue.cl\/wp-content\/uploads\/2022\/06\/IMG_0011-1152x1536.jpg 1152w, https:\/\/www.antilhuelontue.cl\/wp-content\/uploads\/2022\/06\/IMG_0011-1536x2048.jpg 1536w, https:\/\/www.antilhuelontue.cl\/wp-content\/uploads\/2022\/06\/IMG_0011-scaled.jpg 1920w\" sizes=\"auto, (max-width: 768px) 100vw, 768px\" \/><figcaption class=\"wp-element-caption\">Carla Robles V.<\/figcaption><\/figure>\n<\/figure>\n","protected":false},"excerpt":{"rendered":"<p>A cargo de la Sra. Patricia Gajardo Pinto, La gesti\u00f3n considera implementar acciones para mantener un adecuado ambiente de trabajo para los funcionarios y la gesti\u00f3n en recursos&hellip; <\/p>\n","protected":false},"author":1,"featured_media":0,"parent":0,"menu_order":0,"comment_status":"closed","ping_status":"closed","template":"","meta":{"footnotes":""},"class_list":["post-5828","page","type-page","status-publish","hentry"],"_links":{"self":[{"href":"https:\/\/www.antilhuelontue.cl\/index.php?rest_route=\/wp\/v2\/pages\/5828","targetHints":{"allow":["GET"]}}],"collection":[{"href":"https:\/\/www.antilhuelontue.cl\/index.php?rest_route=\/wp\/v2\/pages"}],"about":[{"href":"https:\/\/www.antilhuelontue.cl\/index.php?rest_route=\/wp\/v2\/types\/page"}],"author":[{"embeddable":true,"href":"https:\/\/www.antilhuelontue.cl\/index.php?rest_route=\/wp\/v2\/users\/1"}],"replies":[{"embeddable":true,"href":"https:\/\/www.antilhuelontue.cl\/index.php?rest_route=%2Fwp%2Fv2%2Fcomments&post=5828"}],"version-history":[{"count":3,"href":"https:\/\/www.antilhuelontue.cl\/index.php?rest_route=\/wp\/v2\/pages\/5828\/revisions"}],"predecessor-version":[{"id":7163,"href":"https:\/\/www.antilhuelontue.cl\/index.php?rest_route=\/wp\/v2\/pages\/5828\/revisions\/7163"}],"wp:attachment":[{"href":"https:\/\/www.antilhuelontue.cl\/index.php?rest_route=%2Fwp%2Fv2%2Fmedia&parent=5828"}],"curies":[{"name":"wp","href":"https:\/\/api.w.org\/{rel}","templated":true}]}}