{"id":8877,"date":"2025-03-27T08:54:33","date_gmt":"2025-03-27T11:54:33","guid":{"rendered":"https:\/\/www.antilhuelontue.cl\/?page_id=8877"},"modified":"2025-03-27T08:58:14","modified_gmt":"2025-03-27T11:58:14","slug":"mision-y-vision","status":"publish","type":"page","link":"https:\/\/www.antilhuelontue.cl\/?page_id=8877","title":{"rendered":"Misi\u00f3n y Visi\u00f3n Institucional"},"content":{"rendered":"\n<figure class=\"wp-block-image size-large\"><img loading=\"lazy\" decoding=\"async\" width=\"1024\" height=\"404\" src=\"https:\/\/www.antilhuelontue.cl\/wp-content\/uploads\/2024\/11\/cropped-1701973934575-scaled-1-1024x404.jpg\" alt=\"\" class=\"wp-image-8764\" srcset=\"https:\/\/www.antilhuelontue.cl\/wp-content\/uploads\/2024\/11\/cropped-1701973934575-scaled-1-1024x404.jpg 1024w, https:\/\/www.antilhuelontue.cl\/wp-content\/uploads\/2024\/11\/cropped-1701973934575-scaled-1-300x118.jpg 300w, https:\/\/www.antilhuelontue.cl\/wp-content\/uploads\/2024\/11\/cropped-1701973934575-scaled-1-768x303.jpg 768w, https:\/\/www.antilhuelontue.cl\/wp-content\/uploads\/2024\/11\/cropped-1701973934575-scaled-1-1536x606.jpg 1536w, https:\/\/www.antilhuelontue.cl\/wp-content\/uploads\/2024\/11\/cropped-1701973934575-scaled-1.jpg 1920w\" sizes=\"auto, (max-width: 1024px) 100vw, 1024px\" \/><\/figure>\n\n\n\n<p><strong>Misi\u00f3n<\/strong><\/p>\n\n\n\n<p>Somos una comunidad educativa, sin fines de lucro, ubicada en la localidad de Lontu\u00e9, que atiende a estudiantes, desde pre k\u00ednder a cuarto medio. En la ense\u00f1anza media se ofrecen las modalidades de: humanista cient\u00edfico y t\u00e9cnico profesional con la especialidad de administraci\u00f3n de empresas menci\u00f3n en recursos humanos.<\/p>\n\n\n\n<p>Nuestro objetivo es entregar una formaci\u00f3n integral, inclusiva y de calidad, con un fuerte \u00e9nfasis en la formaci\u00f3n val\u00f3rica de la persona, en donde predomina la cercan\u00eda y afectividad entre los integrantes de la comunidad, basado en el cultivo de los valores institucionales: Respeto, responsabilidad, empat\u00eda y solidaridad.<\/p>\n\n\n\n<p>Promovemos una pedagog\u00eda activa en el desarrollo de habilidades y adquisici\u00f3n de conocimientos, mediante procesos acordes a los cambios tecnol\u00f3gicos y sociales, con experiencias significativas de aprendizaje en que el estudiante es el protagonista del aprender haciendo, permiti\u00e9ndoles ser un aporte como ciudadanos y profesionales capaces de enfrentar los desaf\u00edos de la sociedad actual, facilitando la inserci\u00f3n exitosa en: el mundo laboral, prosecuci\u00f3n de estudios o emprendimientos personales.<\/p>\n\n\n\n<p><strong>Visi\u00f3n<\/strong><\/p>\n\n\n\n<p>Ser una instituci\u00f3n educacional reconocida en la provincia de Curic\u00f3, por su excelencia en la formaci\u00f3n integral de ni\u00f1os, ni\u00f1as y j\u00f3venes. Caracterizado por un ambiente acogedor, inclusivo y seguro, para toda la comunidad educativa. Con \u00e9nfasis en el desarrollo de las habilidades del siglo XXI, que promueva en nuestros estudiantes el alcanzar su m\u00e1ximo potencial.<\/p>\n","protected":false},"excerpt":{"rendered":"<p>Misi\u00f3n Somos una comunidad educativa, sin fines de lucro, ubicada en la localidad de Lontu\u00e9, que atiende a estudiantes, desde pre k\u00ednder a cuarto medio. En la ense\u00f1anza&hellip; <\/p>\n","protected":false},"author":1,"featured_media":0,"parent":0,"menu_order":0,"comment_status":"closed","ping_status":"closed","template":"","meta":{"footnotes":""},"class_list":["post-8877","page","type-page","status-publish","hentry"],"_links":{"self":[{"href":"https:\/\/www.antilhuelontue.cl\/index.php?rest_route=\/wp\/v2\/pages\/8877","targetHints":{"allow":["GET"]}}],"collection":[{"href":"https:\/\/www.antilhuelontue.cl\/index.php?rest_route=\/wp\/v2\/pages"}],"about":[{"href":"https:\/\/www.antilhuelontue.cl\/index.php?rest_route=\/wp\/v2\/types\/page"}],"author":[{"embeddable":true,"href":"https:\/\/www.antilhuelontue.cl\/index.php?rest_route=\/wp\/v2\/users\/1"}],"replies":[{"embeddable":true,"href":"https:\/\/www.antilhuelontue.cl\/index.php?rest_route=%2Fwp%2Fv2%2Fcomments&post=8877"}],"version-history":[{"count":3,"href":"https:\/\/www.antilhuelontue.cl\/index.php?rest_route=\/wp\/v2\/pages\/8877\/revisions"}],"predecessor-version":[{"id":8882,"href":"https:\/\/www.antilhuelontue.cl\/index.php?rest_route=\/wp\/v2\/pages\/8877\/revisions\/8882"}],"wp:attachment":[{"href":"https:\/\/www.antilhuelontue.cl\/index.php?rest_route=%2Fwp%2Fv2%2Fmedia&parent=8877"}],"curies":[{"name":"wp","href":"https:\/\/api.w.org\/{rel}","templated":true}]}}