{"id":972,"date":"2018-08-28T02:13:58","date_gmt":"2018-08-28T02:13:58","guid":{"rendered":"http:\/\/www.antilhuelontue.cl\/?page_id=972"},"modified":"2025-08-26T15:38:57","modified_gmt":"2025-08-26T19:38:57","slug":"admision","status":"publish","type":"page","link":"https:\/\/www.antilhuelontue.cl\/?page_id=972","title":{"rendered":"Admisi\u00f3n"},"content":{"rendered":"<p>Bienvenidos a la Familia Antilhue<\/p>\n<p>Querida comunidad les informamos que nuestro colegio realiza la admisi\u00f3n de nuevos alumnos desde Pre-kinder a 4\u00b0 Medio de manera\u00a0 Online a trav\u00e9s de www.sistemadedmisionescolar.cl<\/p>\n<p>El Sistema de Admisi\u00f3n Escolar es un sistema centralizado de postulaci\u00f3n que se realiza a trav\u00e9s de una plataforma en internet en la que las familias encuentran informaci\u00f3n de todos los colegios que les interesan: proyecto educativo, reglamento interno, actividades extracurriculares, aranceles, entre otros. Con esa informaci\u00f3n, los apoderados postulan a trav\u00e9s de la plataforma web, en orden de preferencia, los establecimientos de su elecci\u00f3n.<\/p>\n<h4>\u00a0<\/h4>\n\n\n<p class=\"has-text-align-left\"><\/p>\n","protected":false},"excerpt":{"rendered":"<p>Bienvenidos a la Familia Antilhue Querida comunidad les informamos que nuestro colegio realiza la admisi\u00f3n de nuevos alumnos desde Pre-kinder a 4\u00b0 Medio de manera\u00a0 Online a trav\u00e9s&hellip; <\/p>\n","protected":false},"author":1,"featured_media":0,"parent":0,"menu_order":0,"comment_status":"closed","ping_status":"closed","template":"","meta":{"footnotes":""},"class_list":["post-972","page","type-page","status-publish","hentry"],"_links":{"self":[{"href":"https:\/\/www.antilhuelontue.cl\/index.php?rest_route=\/wp\/v2\/pages\/972","targetHints":{"allow":["GET"]}}],"collection":[{"href":"https:\/\/www.antilhuelontue.cl\/index.php?rest_route=\/wp\/v2\/pages"}],"about":[{"href":"https:\/\/www.antilhuelontue.cl\/index.php?rest_route=\/wp\/v2\/types\/page"}],"author":[{"embeddable":true,"href":"https:\/\/www.antilhuelontue.cl\/index.php?rest_route=\/wp\/v2\/users\/1"}],"replies":[{"embeddable":true,"href":"https:\/\/www.antilhuelontue.cl\/index.php?rest_route=%2Fwp%2Fv2%2Fcomments&post=972"}],"version-history":[{"count":23,"href":"https:\/\/www.antilhuelontue.cl\/index.php?rest_route=\/wp\/v2\/pages\/972\/revisions"}],"predecessor-version":[{"id":9112,"href":"https:\/\/www.antilhuelontue.cl\/index.php?rest_route=\/wp\/v2\/pages\/972\/revisions\/9112"}],"wp:attachment":[{"href":"https:\/\/www.antilhuelontue.cl\/index.php?rest_route=%2Fwp%2Fv2%2Fmedia&parent=972"}],"curies":[{"name":"wp","href":"https:\/\/api.w.org\/{rel}","templated":true}]}}